{"id":217,"date":"2023-08-21T20:36:43","date_gmt":"2023-08-21T20:36:43","guid":{"rendered":"https:\/\/blackbird.theopierre.dev\/?page_id=217"},"modified":"2025-04-26T22:09:36","modified_gmt":"2025-04-26T22:09:36","slug":"creation-commune","status":"publish","type":"page","link":"https:\/\/blackbird.theopierre.dev\/index.php\/creation-commune\/","title":{"rendered":"Cr\u00e9ation commune"},"content":{"rendered":"\n<ul class=\"wp-block-list\">\n<li>\/ <a href=\"https:\/\/www.canva.com\/design\/DAFdvmDFSj8\/Jy-dmrnVTVEy1YKe9nbOhQ\/edit?utm_content=DAFdvmDFSj8&amp;utm_campaign=designshare&amp;utm_medium=link2&amp;utm_source=sharebutton\">https:\/\/www.canva.com\/design\/DAFdvmDFSj8\/Jy-dmrnVTVEy1YKe9nbOhQ\/edit?utm_content=DAFdvmDFSj8&amp;utm_campaign=designshare&amp;utm_medium=link2&amp;utm_source=sharebutton<\/a> <\/li>\n<\/ul>\n\n\n\n<figure class=\"wp-block-image size-full\"><img loading=\"lazy\" decoding=\"async\" width=\"600\" height=\"600\" src=\"https:\/\/blackbird.theopierre.dev\/wp-content\/uploads\/2023\/09\/cats.png\" alt=\"\" class=\"wp-image-296\" srcset=\"https:\/\/blackbird.theopierre.dev\/wp-content\/uploads\/2023\/09\/cats.png 600w, https:\/\/blackbird.theopierre.dev\/wp-content\/uploads\/2023\/09\/cats-300x300.png 300w, https:\/\/blackbird.theopierre.dev\/wp-content\/uploads\/2023\/09\/cats-150x150.png 150w\" sizes=\"auto, (max-width: 600px) 100vw, 600px\" \/><\/figure>\n\n\n\n<figure class=\"wp-block-image size-full\"><img loading=\"lazy\" decoding=\"async\" width=\"200\" height=\"100\" src=\"https:\/\/blackbird.theopierre.dev\/wp-content\/uploads\/2023\/08\/cats.jpg\" alt=\"\" class=\"wp-image-248\"\/><\/figure>\n\n\n\n<figure class=\"wp-block-image size-full\"><img loading=\"lazy\" decoding=\"async\" width=\"500\" height=\"500\" src=\"https:\/\/blackbird.theopierre.dev\/wp-content\/uploads\/2023\/09\/cats-1.png\" alt=\"\" class=\"wp-image-331\" srcset=\"https:\/\/blackbird.theopierre.dev\/wp-content\/uploads\/2023\/09\/cats-1.png 500w, https:\/\/blackbird.theopierre.dev\/wp-content\/uploads\/2023\/09\/cats-1-300x300.png 300w, https:\/\/blackbird.theopierre.dev\/wp-content\/uploads\/2023\/09\/cats-1-150x150.png 150w\" sizes=\"auto, (max-width: 500px) 100vw, 500px\" \/><\/figure>\n\n\n\n<div style=\"height:100px\" aria-hidden=\"true\" class=\"wp-block-spacer\"><\/div>\n\n\n\n<div class=\"wp-block-comments has-contrast-color has-text-color has-link-color has-small-font-size wp-elements-17a716aff51b227d818a0c355e54036c\"><h2 id=\"comments\" class=\"wp-block-comments-title\">Une r\u00e9ponse \u00e0 &#8220;Cr\u00e9ation commune&#8221;<\/h2>\n\n<ol class=\"wp-block-comment-template\"><li id=\"comment-43\" class=\"comment byuser comment-author-immarcescible even thread-even depth-1\">\n\n<div class=\"wp-block-columns is-layout-flex wp-container-core-columns-is-layout-28f84493 wp-block-columns-is-layout-flex\">\n<div class=\"wp-block-column is-layout-flow wp-block-column-is-layout-flow\" style=\"flex-basis:40px\"><div class=\"wp-block-avatar\"><img alt='Avatar de C.' src='https:\/\/secure.gravatar.com\/avatar\/fd1d2a6c64c341a21348cd6f07e8a8feb5fdab5626917a8aea2f2c2e992fb47e?s=40&#038;r=g' srcset='https:\/\/secure.gravatar.com\/avatar\/fd1d2a6c64c341a21348cd6f07e8a8feb5fdab5626917a8aea2f2c2e992fb47e?s=80&#038;r=g 2x' class='avatar avatar-40 photo wp-block-avatar__image' height='40' width='40'  style=\"border-radius:20px;\"\/><\/div><\/div>\n\n\n\n<div class=\"wp-block-column is-layout-flow wp-block-column-is-layout-flow\"><div class=\"wp-block-comment-author-name has-small-font-size\">C.<\/div>\n\n\n<div class=\"wp-block-group is-layout-flex wp-block-group-is-layout-flex\" style=\"margin-top:0px;margin-bottom:0px\"><div class=\"wp-block-comment-date has-small-font-size\"><time datetime=\"2023-09-23T10:15:10+00:00\"><a href=\"https:\/\/blackbird.theopierre.dev\/index.php\/creation-commune\/#comment-43\">23 septembre 2023<\/a><\/time><\/div>\n\n<\/div>\n\n\n<div class=\"wp-block-comment-content\"><p>Les b\u00e9b\u00e9s coeur :&rsquo;)<\/p>\n<\/div>\n\n<div class=\"wp-block-comment-reply-link has-small-font-size\"><a rel=\"nofollow\" class=\"comment-reply-login\" href=\"https:\/\/blackbird.theopierre.dev\/wp-login.php?redirect_to=https%3A%2F%2Fblackbird.theopierre.dev%2Findex.php%2Fcreation-commune%2F\">Connectez-vous pour r\u00e9pondre<\/a><\/div><\/div>\n<\/div>\n\n<\/li><\/ol>\n\n\n\n\t<div id=\"respond\" class=\"comment-respond wp-block-post-comments-form\">\n\t\t<h3 id=\"reply-title\" class=\"comment-reply-title\">Laisser un commentaire <small><a rel=\"nofollow\" id=\"cancel-comment-reply-link\" href=\"\/index.php\/wp-json\/wp\/v2\/pages\/217#respond\" style=\"display:none;\">Annuler la r\u00e9ponse<\/a><\/small><\/h3><p class=\"must-log-in\">Vous devez <a href=\"https:\/\/blackbird.theopierre.dev\/wp-login.php?redirect_to=https%3A%2F%2Fblackbird.theopierre.dev%2Findex.php%2Fcreation-commune%2F\">vous connecter<\/a> pour publier un commentaire.<\/p>\t<\/div><!-- #respond -->\n\t<\/div>\n","protected":false},"excerpt":{"rendered":"","protected":false},"author":1,"featured_media":0,"parent":0,"menu_order":0,"comment_status":"open","ping_status":"closed","template":"","meta":{"footnotes":""},"class_list":["post-217","page","type-page","status-publish","hentry"],"_links":{"self":[{"href":"https:\/\/blackbird.theopierre.dev\/index.php\/wp-json\/wp\/v2\/pages\/217","targetHints":{"allow":["GET"]}}],"collection":[{"href":"https:\/\/blackbird.theopierre.dev\/index.php\/wp-json\/wp\/v2\/pages"}],"about":[{"href":"https:\/\/blackbird.theopierre.dev\/index.php\/wp-json\/wp\/v2\/types\/page"}],"author":[{"embeddable":true,"href":"https:\/\/blackbird.theopierre.dev\/index.php\/wp-json\/wp\/v2\/users\/1"}],"replies":[{"embeddable":true,"href":"https:\/\/blackbird.theopierre.dev\/index.php\/wp-json\/wp\/v2\/comments?post=217"}],"version-history":[{"count":7,"href":"https:\/\/blackbird.theopierre.dev\/index.php\/wp-json\/wp\/v2\/pages\/217\/revisions"}],"predecessor-version":[{"id":727,"href":"https:\/\/blackbird.theopierre.dev\/index.php\/wp-json\/wp\/v2\/pages\/217\/revisions\/727"}],"wp:attachment":[{"href":"https:\/\/blackbird.theopierre.dev\/index.php\/wp-json\/wp\/v2\/media?parent=217"}],"curies":[{"name":"wp","href":"https:\/\/api.w.org\/{rel}","templated":true}]}}